{"id":178,"date":"2024-01-29T09:31:40","date_gmt":"2024-01-29T08:31:40","guid":{"rendered":"https:\/\/soziales-rheinfelden.de\/?page_id=178"},"modified":"2024-01-29T09:31:40","modified_gmt":"2024-01-29T08:31:40","slug":"rheinfelden-fuer-demokratie-aufruf-zur-kundgebung-am-3-2-2024-1400-uhr-vor-der-christuskirche","status":"publish","type":"page","link":"https:\/\/soziales-rheinfelden.de\/index.php\/rheinfelden-fuer-demokratie-aufruf-zur-kundgebung-am-3-2-2024-1400-uhr-vor-der-christuskirche\/","title":{"rendered":"Rheinfelden f\u00fcr Demokratie &#8211; Aufruf zur Kundgebung am 3.2.2024 14:00 Uhr vor der Christuskirche"},"content":{"rendered":"<p><img loading=\"lazy\" decoding=\"async\" class=\"size-medium wp-image-179 aligncenter\" src=\"https:\/\/soziales-rheinfelden.de\/wp-content\/uploads\/2024\/01\/Rheinfelden_fuer_Demokratie_Kundgebung-211x300.png\" alt=\"\" width=\"211\" height=\"300\" srcset=\"https:\/\/soziales-rheinfelden.de\/wp-content\/uploads\/2024\/01\/Rheinfelden_fuer_Demokratie_Kundgebung-211x300.png 211w, https:\/\/soziales-rheinfelden.de\/wp-content\/uploads\/2024\/01\/Rheinfelden_fuer_Demokratie_Kundgebung.png 578w\" sizes=\"auto, (max-width: 211px) 100vw, 211px\" \/><\/p>\n<p>Rheinfelden setzt ein Zeichen f\u00fcr Demokratie und eine solidarische und offene Gesellschaft. Soziales Rheinfelden unterst\u00fctzt diesen Aufruf und bittet alle B\u00fcrger bei der Kundgebung mit dabei zu sein.<\/p>\n","protected":false},"excerpt":{"rendered":"<p>Rheinfelden setzt ein Zeichen f\u00fcr Demokratie und eine solidarische und offene Gesellschaft. Soziales Rheinfelden unterst\u00fctzt diesen Aufruf und bittet alle B\u00fcrger bei der Kundgebung mit dabei zu sein.<\/p>\n","protected":false},"author":1,"featured_media":0,"parent":0,"menu_order":0,"comment_status":"closed","ping_status":"closed","template":"","meta":{"footnotes":""},"class_list":["post-178","page","type-page","status-publish","hentry"],"_links":{"self":[{"href":"https:\/\/soziales-rheinfelden.de\/index.php\/wp-json\/wp\/v2\/pages\/178","targetHints":{"allow":["GET"]}}],"collection":[{"href":"https:\/\/soziales-rheinfelden.de\/index.php\/wp-json\/wp\/v2\/pages"}],"about":[{"href":"https:\/\/soziales-rheinfelden.de\/index.php\/wp-json\/wp\/v2\/types\/page"}],"author":[{"embeddable":true,"href":"https:\/\/soziales-rheinfelden.de\/index.php\/wp-json\/wp\/v2\/users\/1"}],"replies":[{"embeddable":true,"href":"https:\/\/soziales-rheinfelden.de\/index.php\/wp-json\/wp\/v2\/comments?post=178"}],"version-history":[{"count":1,"href":"https:\/\/soziales-rheinfelden.de\/index.php\/wp-json\/wp\/v2\/pages\/178\/revisions"}],"predecessor-version":[{"id":180,"href":"https:\/\/soziales-rheinfelden.de\/index.php\/wp-json\/wp\/v2\/pages\/178\/revisions\/180"}],"wp:attachment":[{"href":"https:\/\/soziales-rheinfelden.de\/index.php\/wp-json\/wp\/v2\/media?parent=178"}],"curies":[{"name":"wp","href":"https:\/\/api.w.org\/{rel}","templated":true}]}}