{"id":2,"date":"2016-05-10T03:48:21","date_gmt":"2016-05-10T01:48:21","guid":{"rendered":"https:\/\/soziales-rheinfelden.de\/?page_id=2"},"modified":"2024-05-10T00:43:46","modified_gmt":"2024-05-09T22:43:46","slug":"die-kandidaten","status":"publish","type":"page","link":"https:\/\/soziales-rheinfelden.de\/index.php\/die-kandidaten\/","title":{"rendered":"Soziales Rheinfelden &#8211; Die Kandidaten:innen"},"content":{"rendered":"<p><em>Soziales Rheinfelden<\/em> ist eine offene Kandidat*innen-Liste aus Menschen, denen eine offene Gesellschaft in einer sozial engagierten Stadt wichtig ist. Hier die Kandidat*innen der Liste:<\/p>\n<ol>\n<li><a href=\"https:\/\/soziales-rheinfelden.de\/index.php\/die-kandidaten\/ruediger-lorenz\/\">R\u00fcdiger Lorenz, Gesch\u00e4ftsf\u00fchrer<\/a><\/li>\n<li><a href=\"https:\/\/soziales-rheinfelden.de\/index.php\/die-kandidaten\/franziska-werbing\/\">Franziska Werbing, Bauzeichnerin<\/a><\/li>\n<li>Frieder Wildenhahn, Sch\u00fcler<\/li>\n<li><a href=\"https:\/\/soziales-rheinfelden.de\/index.php\/die-kandidaten\/marina-hofmeier\/\">Marina Hofmeier, Heilerziehungspflegerin<\/a><\/li>\n<li>Tom Traunwieser, Assistent in der Betreuung<\/li>\n<li><a href=\"https:\/\/soziales-rheinfelden.de\/index.php\/die-kandidaten\/stefanie-blaesi\/\">Stefanie Bl\u00e4si, Erzieherin<\/a><\/li>\n<li><a href=\"https:\/\/soziales-rheinfelden.de\/index.php\/die-kandidaten\/volker-huegel\/\">Volker H\u00fcgel, Chemielaborant<\/a><\/li>\n<li>Caroline Gallehr, Medienmarketing-Fachwirtin<\/li>\n<li>Stefan Rauscher, IT-Systemelektroniker<\/li>\n<\/ol>\n","protected":false},"excerpt":{"rendered":"<p>Soziales Rheinfelden ist eine offene Kandidat*innen-Liste aus Menschen, denen eine offene Gesellschaft in einer sozial engagierten Stadt wichtig ist. Hier die Kandidat*innen der Liste: R\u00fcdiger Lorenz, Gesch\u00e4ftsf\u00fchrer Franziska Werbing, Bauzeichnerin Frieder Wildenhahn, Sch\u00fcler Marina Hofmeier, Heilerziehungspflegerin Tom Traunwieser, Assistent in der Betreuung Stefanie Bl\u00e4si, Erzieherin Volker H\u00fcgel, Chemielaborant Caroline Gallehr, Medienmarketing-Fachwirtin Stefan Rauscher, IT-Systemelektroniker<\/p>\n","protected":false},"author":1,"featured_media":0,"parent":0,"menu_order":0,"comment_status":"closed","ping_status":"closed","template":"","meta":{"footnotes":""},"class_list":["post-2","page","type-page","status-publish","hentry"],"_links":{"self":[{"href":"https:\/\/soziales-rheinfelden.de\/index.php\/wp-json\/wp\/v2\/pages\/2","targetHints":{"allow":["GET"]}}],"collection":[{"href":"https:\/\/soziales-rheinfelden.de\/index.php\/wp-json\/wp\/v2\/pages"}],"about":[{"href":"https:\/\/soziales-rheinfelden.de\/index.php\/wp-json\/wp\/v2\/types\/page"}],"author":[{"embeddable":true,"href":"https:\/\/soziales-rheinfelden.de\/index.php\/wp-json\/wp\/v2\/users\/1"}],"replies":[{"embeddable":true,"href":"https:\/\/soziales-rheinfelden.de\/index.php\/wp-json\/wp\/v2\/comments?post=2"}],"version-history":[{"count":30,"href":"https:\/\/soziales-rheinfelden.de\/index.php\/wp-json\/wp\/v2\/pages\/2\/revisions"}],"predecessor-version":[{"id":253,"href":"https:\/\/soziales-rheinfelden.de\/index.php\/wp-json\/wp\/v2\/pages\/2\/revisions\/253"}],"wp:attachment":[{"href":"https:\/\/soziales-rheinfelden.de\/index.php\/wp-json\/wp\/v2\/media?parent=2"}],"curies":[{"name":"wp","href":"https:\/\/api.w.org\/{rel}","templated":true}]}}