{"id":33,"date":"2019-02-12T12:36:32","date_gmt":"2019-02-12T12:36:32","guid":{"rendered":"https:\/\/soziales-rheinfelden.de\/?page_id=33"},"modified":"2024-03-22T09:19:47","modified_gmt":"2024-03-22T08:19:47","slug":"ruediger-lorenz","status":"publish","type":"page","link":"https:\/\/soziales-rheinfelden.de\/index.php\/die-kandidaten\/ruediger-lorenz\/","title":{"rendered":"R\u00fcdiger Lorenz"},"content":{"rendered":"\r\n<div class=\"wp-block-image\"><figure class=\"alignleft\"><img loading=\"lazy\" decoding=\"async\" width=\"200\" height=\"225\" src=\"https:\/\/soziales-rheinfelden.de\/wp-content\/uploads\/2019\/02\/RL_2.jpg\" alt=\"\" class=\"wp-image-36\"\/><\/figure><\/div>\r\n\r\n\r\n\r\n<p>58 Jahre alt, lebt er seit 24 Jahren in Rheinfelden. Er leitet ein mittelst\u00e4ndisches IT-Unternehmen und ist seit 2021 im Gemeinderat. Dort ist er stellvertretender Fraktionsvorsitzender der S\u00d6Ren-Fraktion, der Fraktionsgemeinschaft aus Soziales Rheinfelden und sozial engagierten Gr\u00fcnenmitgliedern. Ehrenamtlich ist er im Freundeskreis Asyl aktiv in der Integrationsarbeit von Gefl\u00fcchteten t\u00e4tig. Er ist f\u00fcr das Beratungscaf\u00e9 der Stadt Rheinfelden, das niederschwellige Hilfe zur Teilhabe anbietet, t\u00e4tig. Daneben ist er Unterst\u00fctzer des Familienzentrums und begleitet das Projekt &#8222;Familienk\u00fcche international&#8220;.<br>Themen wie Digitalisierung und eine solidarische Gesellschaft f\u00fcr Alle, die in Rheinfelden leben, sind ihm ein besonderes Anliegen.<\/p>\r\n","protected":false},"excerpt":{"rendered":"<p>58 Jahre alt, lebt er seit 24 Jahren in Rheinfelden. Er leitet ein mittelst\u00e4ndisches IT-Unternehmen und ist seit 2021 im Gemeinderat. Dort ist er stellvertretender Fraktionsvorsitzender der S\u00d6Ren-Fraktion, der Fraktionsgemeinschaft aus Soziales Rheinfelden und sozial engagierten Gr\u00fcnenmitgliedern. Ehrenamtlich ist er im Freundeskreis Asyl aktiv in der Integrationsarbeit von Gefl\u00fcchteten t\u00e4tig. Er ist f\u00fcr das Beratungscaf\u00e9 &hellip; <\/p>\n<p class=\"link-more\"><a href=\"https:\/\/soziales-rheinfelden.de\/index.php\/die-kandidaten\/ruediger-lorenz\/\" class=\"more-link\"><span class=\"screen-reader-text\">\u201eR\u00fcdiger Lorenz\u201c<\/span> weiterlesen<\/a><\/p>\n","protected":false},"author":1,"featured_media":0,"parent":2,"menu_order":0,"comment_status":"closed","ping_status":"closed","template":"","meta":{"footnotes":""},"class_list":["post-33","page","type-page","status-publish","hentry"],"_links":{"self":[{"href":"https:\/\/soziales-rheinfelden.de\/index.php\/wp-json\/wp\/v2\/pages\/33","targetHints":{"allow":["GET"]}}],"collection":[{"href":"https:\/\/soziales-rheinfelden.de\/index.php\/wp-json\/wp\/v2\/pages"}],"about":[{"href":"https:\/\/soziales-rheinfelden.de\/index.php\/wp-json\/wp\/v2\/types\/page"}],"author":[{"embeddable":true,"href":"https:\/\/soziales-rheinfelden.de\/index.php\/wp-json\/wp\/v2\/users\/1"}],"replies":[{"embeddable":true,"href":"https:\/\/soziales-rheinfelden.de\/index.php\/wp-json\/wp\/v2\/comments?post=33"}],"version-history":[{"count":7,"href":"https:\/\/soziales-rheinfelden.de\/index.php\/wp-json\/wp\/v2\/pages\/33\/revisions"}],"predecessor-version":[{"id":220,"href":"https:\/\/soziales-rheinfelden.de\/index.php\/wp-json\/wp\/v2\/pages\/33\/revisions\/220"}],"up":[{"embeddable":true,"href":"https:\/\/soziales-rheinfelden.de\/index.php\/wp-json\/wp\/v2\/pages\/2"}],"wp:attachment":[{"href":"https:\/\/soziales-rheinfelden.de\/index.php\/wp-json\/wp\/v2\/media?parent=33"}],"curies":[{"name":"wp","href":"https:\/\/api.w.org\/{rel}","templated":true}]}}