{"id":41,"date":"2019-02-12T12:55:44","date_gmt":"2019-02-12T12:55:44","guid":{"rendered":"https:\/\/soziales-rheinfelden.de\/?page_id=41"},"modified":"2024-03-22T09:24:35","modified_gmt":"2024-03-22T08:24:35","slug":"impressum-datenschutz-rechtliche-hinweise","status":"publish","type":"page","link":"https:\/\/soziales-rheinfelden.de\/index.php\/impressum-datenschutz-rechtliche-hinweise\/","title":{"rendered":"Impressum, Datenschutz, Rechtliche Hinweise"},"content":{"rendered":"<p>Wahlvereinigung <em>Soziales Rheinfelden<\/em><br \/>\nE-Mail: info@soziales-rheinfelden.de<\/p>\n<p>Telefon: 07623 \/ 79779-00<br \/>\nHaftungsausschlu\u00df<\/p>\n<p>Die auf dieser Homepage verwendeten externen Links stellen Verweise auf die Internetseiten fremder Anbieter dar. Die darin enthaltenen Informationen sind nicht Bestandteil der Internetseiten von <em>Soziales Rheinfelden<\/em> und damit Informationen der Anbieter dieser Internetseiten. Die Verantwortlichkeit f\u00fcr den Inhalt dieser Seiten und die Rechte daran liegen ausschlie\u00dflich bei deren Anbieter.<\/p>\n<p><em>Soziales Rheinfelden<\/em> haftet nicht f\u00fcr direkte oder indirekte Sch\u00e4den, die durch die Benutzung dieser oder der verlinkten Internetseiten eintreten, es sei denn, ihr werden vors\u00e4tzliche oder grob fahrl\u00e4ssige Pflichtverletzungen nachgewiesen.<\/p>\n<h3>Datenschutz<\/h3>\n<p>Verantwortlich<br \/>\nR\u00fcdiger Lorenz<br \/>\nFriedrich-Jung-Str. 5<br \/>\n79618 Rheinfelden<br \/>\nDeutschland<\/p>\n<p>Kontakt \u00fcber info@soziales-rheinfelden.de<\/p>\n<p>Rechtsgrundlage f\u00fcr die Verarbeitung personenbezogener Daten<\/p>\n<p>Die Verarbeitung von Daten durch <em>Soziales Rheinfelden<\/em> und ggf. beauftragter Dritter, erfolgt auf der Basis der Datenschutz-Grundverordnung.<\/p>\n<p>Soweit wir f\u00fcr Verarbeitungsvorg\u00e4nge personenbezogener Daten eine Einwilligung der betroffenen Person einholen, dient Artikel 6 Absatz 1 lit. a EU-Datenschutzgrundverordnung (DSGVO) als Rechtsgrundlage.<\/p>\n<p>Bei der Verarbeitung von personenbezogenen Daten, die zur Erf\u00fcllung eines Vertrages, dessen Vertragspartei die betroffene Person ist, erforderlich sind, dient Artikel 6 Absatz 1 lit. b DSGVO als Rechtsgrundlage. Dies gilt auch f\u00fcr Verarbeitungsvorg\u00e4nge, die zur Durchf\u00fchrung vorvertraglicher Ma\u00dfnahmen erforderlich sind.<\/p>\n<p>Soweit eine Verarbeitung personenbezogener Daten zur Erf\u00fcllung einer rechtlichen Verpflichtung erforderlich ist, denen unser Unternehmen unterliegt, dient Artikel 6 Absatz 1 lit. c DSGVO als Rechtsgrundlage.<\/p>\n<p>F\u00fcr den Fall, dass lebenswichtige Interessen der betroffenen Person oder einer anderen nat\u00fcrlichen Person eine Verarbeitung personenbezogener Daten erforderlich machen, dient Artikel 6 Absatz 1 lit. d DSGVO als Rechtsgrundlage.<\/p>\n<p>Ist die Verarbeitung zur Wahrung eines berechtigten Interesses von <em>Soziales Rheinfelden<\/em> oder eines Dritten erforderlich und \u00fcberwiegen die Interessen, Grundrechte und Grundfreiheiten des Betroffenen das erstgenannte Interesse nicht, so dient Artikel 6 Absatz 1 lit. f DSGVO als Rechtsgrundlage f\u00fcr die Verarbeitung. Das berechtige Interesse von <em>Soziales Rheinfelden<\/em> liegt in der Werbung zur Kommunalwahl in Rheinfelden.<\/p>\n<p>Rechte der betroffenen Person<\/p>\n<p>Werden personenbezogene Daten von Ihnen verarbeitet, sind Sie Betroffener i.S.d. DSGVO und es stehen Ihnen folgende Rechte gegen\u00fcber dem Verantwortlichen zu:<\/p>\n<p>gem. Art. 7 Abs. 3 DSGVO das Recht, mit Wirkung f\u00fcr die Zukunft eine bereits erteilte Einwilligung zu widerrufen<br \/>\ngem. Art. 15 DSGVO das Recht, eine Best\u00e4tigung dar\u00fcber zu verlangen, ob betreffende Daten verarbeitet werden und auf Auskunft \u00fcber diese Daten, sowie auf weitere Informationen und Kopie der Daten<br \/>\ngem. Art. 16 DSGVO das Recht, die Vervollst\u00e4ndigung der Sie betreffenden Daten oder die Berichtigung der Sie betreffenden unrichtigen Daten zu verlangen<br \/>\ngem. Art. 17 DSGVO das Recht, zu verlangen, dass die betreffenden Daten unverz\u00fcglich gel\u00f6scht werden<br \/>\ngem. Art. 18 DSGVO das Recht, eine Einschr\u00e4nkung der Verarbeitung der Daten zu verlangen<br \/>\ngem, Art. 20 DSGVO das Recht, zu verlangen, die Sie betreffenden Daten, die Sie uns bereitgestellt haben, zu erhalten und deren \u00dcbermittlung an andere Verantwortliche zu fordern.<br \/>\ngem. Art. 21 DSGVO das Recht, der k\u00fcnftigen Verarbeitung der Sie betreffenden Daten jederzeit zu widersprechen<br \/>\ngem. Art. 77 DSGVO das Recht, eine Beschwerde bei der zust\u00e4ndigen Aufsichtsbeh\u00f6rde einzureichen.<\/p>\n<p>Information zur Verarbeitung von Nutzungsdaten im Rahmen des Website Trackings<\/p>\n<p>Wenn Sie diese Seite besuchen, speichert <em>Soziales Rheinfelden<\/em> im Protokoll des Webservers Ihre IP-Adresse, die aufgerufene Seite, den Zeitpunkt des Aufrufs, die zuvor aufgerufene Seite und die Softwareumgebung (Browser, Betriebssystem), mit der die betreffende Seite aufgerufen wurde, um die Sicherheit bei der Benutzung der Webseite und die Integrit\u00e4t der angebotenen Inhalte zu gew\u00e4hrleisten. Diese Protokolle werden gegebenenfalls zu technischen Zwecken ausgewertet und nach Ablauf eines Jahres automatisch gel\u00f6scht.<\/p>\n<p>Cookies<\/p>\n<p>Die Internetseiten von <em>Soziales Rheinfelden<\/em> verwendet Cookies lediglich zur Identifizierung angemeldeter Benutzer. Ein Cookie ist ein Eintrag, der automatisch auf der Festplatte Ihres Computers vorgenommen wird, wann immer Sie auf bestimmte Websites zugreifen. Ein Cookie dient prim\u00e4r dazu, die Angaben zu einem Nutzer (bzw. dem Ger\u00e4t auf dem das Cookie gespeichert ist) w\u00e4hrend oder auch nach seinem Besuch innerhalb eines Onlineangebotes zu speichern. Die meisten Webbrowser sind so eingestellt, dass sie Cookies akzeptieren. Sie k\u00f6nnen Ihren Browser aber auch so einstellen, dass er alle Cookies ablehnt oder Ihnen anzeigt, wann immer ein Cookie gesetzt werden soll. Falls Sie nicht m\u00f6chten, dass Cookies auf ihrem Rechner gespeichert werden, werden sie gebeten die entsprechende Option in den Systemeinstellungen ihres Browsers zu deaktivieren. Gespeicherte Cookies k\u00f6nnen in den Systemeinstellungen des Browsers gel\u00f6scht werden. Der Ausschluss von Cookies kann ggf. zu Funktionseinschr\u00e4nkungen dieses Onlineangebotes f\u00fchren.<\/p>\n<p>Unser Hosting<br \/>\nUm Ihnen die Inhalte unserer Online-Angebote zug\u00e4nglich zu machen, nehmen wir Hosting-Vorleistungen von Dritten in Anspruch. Es handelt sich dabei um Infrastruktur- und Plattformdienstleistungen, Rechenkapazit\u00e4t, Speicherplatz und Datenbankdienste, Sicherheitsleistungen sowie ggf. erforderliche technische Wartungsleistungen.<\/p>\n<p>Hierbei verarbeiten wir, bzw. unsere ausschlie\u00dflich deutschen Hostinganbieter auf der Basis von Art. 6 Abs. 1 lit. f DSGVO i.V.m. Art. 28 DSGVO, sofern zutreffend, Bestandsdaten, Kontaktdaten, Inhaltsdaten, Vertragsdaten, Nutzungsdaten, Meta- und Kommunikationsdaten von Kunden, Interessenten und Besuchern dieses Onlineangebotes auf Grundlage unserer berechtigten Interessen an einer effizienten und sicheren Zurverf\u00fcgungstellung dieser Webseite und weiterer Kommunikationsdienste wie z.B. Email.<\/p>\n","protected":false},"excerpt":{"rendered":"<p>Wahlvereinigung Soziales Rheinfelden E-Mail: info@soziales-rheinfelden.de Telefon: 07623 \/ 79779-00 Haftungsausschlu\u00df Die auf dieser Homepage verwendeten externen Links stellen Verweise auf die Internetseiten fremder Anbieter dar. Die darin enthaltenen Informationen sind nicht Bestandteil der Internetseiten von Soziales Rheinfelden und damit Informationen der Anbieter dieser Internetseiten. Die Verantwortlichkeit f\u00fcr den Inhalt dieser Seiten und die Rechte daran &hellip; <\/p>\n<p class=\"link-more\"><a href=\"https:\/\/soziales-rheinfelden.de\/index.php\/impressum-datenschutz-rechtliche-hinweise\/\" class=\"more-link\"><span class=\"screen-reader-text\">\u201eImpressum, Datenschutz, Rechtliche Hinweise\u201c<\/span> weiterlesen<\/a><\/p>\n","protected":false},"author":1,"featured_media":0,"parent":0,"menu_order":0,"comment_status":"closed","ping_status":"closed","template":"","meta":{"footnotes":""},"class_list":["post-41","page","type-page","status-publish","hentry"],"_links":{"self":[{"href":"https:\/\/soziales-rheinfelden.de\/index.php\/wp-json\/wp\/v2\/pages\/41","targetHints":{"allow":["GET"]}}],"collection":[{"href":"https:\/\/soziales-rheinfelden.de\/index.php\/wp-json\/wp\/v2\/pages"}],"about":[{"href":"https:\/\/soziales-rheinfelden.de\/index.php\/wp-json\/wp\/v2\/types\/page"}],"author":[{"embeddable":true,"href":"https:\/\/soziales-rheinfelden.de\/index.php\/wp-json\/wp\/v2\/users\/1"}],"replies":[{"embeddable":true,"href":"https:\/\/soziales-rheinfelden.de\/index.php\/wp-json\/wp\/v2\/comments?post=41"}],"version-history":[{"count":3,"href":"https:\/\/soziales-rheinfelden.de\/index.php\/wp-json\/wp\/v2\/pages\/41\/revisions"}],"predecessor-version":[{"id":222,"href":"https:\/\/soziales-rheinfelden.de\/index.php\/wp-json\/wp\/v2\/pages\/41\/revisions\/222"}],"wp:attachment":[{"href":"https:\/\/soziales-rheinfelden.de\/index.php\/wp-json\/wp\/v2\/media?parent=41"}],"curies":[{"name":"wp","href":"https:\/\/api.w.org\/{rel}","templated":true}]}}