{"id":73,"date":"2019-03-21T22:56:58","date_gmt":"2019-03-21T21:56:58","guid":{"rendered":"https:\/\/soziales-rheinfelden.de\/?page_id=73"},"modified":"2024-05-10T00:27:13","modified_gmt":"2024-05-09T22:27:13","slug":"volker-huegel","status":"publish","type":"page","link":"https:\/\/soziales-rheinfelden.de\/index.php\/die-kandidaten\/volker-huegel\/","title":{"rendered":"Volker H\u00fcgel"},"content":{"rendered":"<p><!--more--><img loading=\"lazy\" decoding=\"async\" class=\"alignnone size-medium wp-image-89 alignleft\" src=\"https:\/\/soziales-rheinfelden.de\/wp-content\/uploads\/2019\/03\/B_1-199x300.jpg\" alt=\"\" width=\"199\" height=\"300\" srcset=\"https:\/\/soziales-rheinfelden.de\/wp-content\/uploads\/2019\/03\/B_1-199x300.jpg 199w, https:\/\/soziales-rheinfelden.de\/wp-content\/uploads\/2019\/03\/B_1-768x1156.jpg 768w, https:\/\/soziales-rheinfelden.de\/wp-content\/uploads\/2019\/03\/B_1-680x1024.jpg 680w\" sizes=\"auto, (max-width: 199px) 100vw, 199px\" \/><\/p>\n<p>Volker H\u00fcgel geboren am 26.12.1978 in Frankfurt am Main<\/p>\n<p>Beruf:Chemielaborant<\/p>\n<p>Nach meinen Realschulabschluss und der Lehre arbeitetet ich 10 Jahre in befristen und Zeitarbeitsvertr\u00e4ge .Dann bewarb ich mich Bundesweit und landet 2008 in Rheinfelden.<\/p>\n<p>Politisch\u00a0 \u00fcnterst\u00fctze den Freundeskreis Asyl in Rheinfelden.Auserdem bin ich im Kreis wie Ortsvorstand der Partei \u201edie Linke\u201c aktiv.<\/p>\n<p>Meine Themen schwer punkte sind<\/p>\n<p>-der Ausbau des \u00d6PNV im allgemeinen<\/p>\n<p>-Gesundheitsversorgung<\/p>\n<p>-umweltschutz schonender Umgang mit nat\u00fcrlichen Ressourcen und verzicht von Pestiziden von Glyphosphat zumindest auf St\u00e4dtchen und von der Stadt verpachten Gr\u00fcnst\u00fccke.<\/p>\n<p>Ich stehe f\u00fcr eine solidarische Gesellschaft wo alle RheinfelnerInnen egal welche Hautfarbe ,welche Religion,welche T\u00e4tigkeit sie nachgehen friedlich und ohne diskriminiert zu werden zusammenleben k\u00f6nnen<\/p>\n","protected":false},"excerpt":{"rendered":"","protected":false},"author":2,"featured_media":0,"parent":2,"menu_order":0,"comment_status":"closed","ping_status":"closed","template":"","meta":{"footnotes":""},"class_list":["post-73","page","type-page","status-publish","hentry"],"_links":{"self":[{"href":"https:\/\/soziales-rheinfelden.de\/index.php\/wp-json\/wp\/v2\/pages\/73","targetHints":{"allow":["GET"]}}],"collection":[{"href":"https:\/\/soziales-rheinfelden.de\/index.php\/wp-json\/wp\/v2\/pages"}],"about":[{"href":"https:\/\/soziales-rheinfelden.de\/index.php\/wp-json\/wp\/v2\/types\/page"}],"author":[{"embeddable":true,"href":"https:\/\/soziales-rheinfelden.de\/index.php\/wp-json\/wp\/v2\/users\/2"}],"replies":[{"embeddable":true,"href":"https:\/\/soziales-rheinfelden.de\/index.php\/wp-json\/wp\/v2\/comments?post=73"}],"version-history":[{"count":5,"href":"https:\/\/soziales-rheinfelden.de\/index.php\/wp-json\/wp\/v2\/pages\/73\/revisions"}],"predecessor-version":[{"id":249,"href":"https:\/\/soziales-rheinfelden.de\/index.php\/wp-json\/wp\/v2\/pages\/73\/revisions\/249"}],"up":[{"embeddable":true,"href":"https:\/\/soziales-rheinfelden.de\/index.php\/wp-json\/wp\/v2\/pages\/2"}],"wp:attachment":[{"href":"https:\/\/soziales-rheinfelden.de\/index.php\/wp-json\/wp\/v2\/media?parent=73"}],"curies":[{"name":"wp","href":"https:\/\/api.w.org\/{rel}","templated":true}]}}